{"id":5132,"date":"2017-08-03T14:28:35","date_gmt":"2017-08-03T12:28:35","guid":{"rendered":"http:\/\/neu.volzconsulting.de\/?page_id=5132"},"modified":"2018-08-22T13:36:36","modified_gmt":"2018-08-22T11:36:36","slug":"impressum","status":"publish","type":"page","link":"https:\/\/volzconsulting.de\/en\/impressum\/","title":{"rendered":"Impressum"},"content":{"rendered":"<p><\/p>\n<div class=\"txt-img custom-linespace-header\">\n<h4 class=\"custom-linespace\" style=\"margin-top: 0px;\">Adress:<\/h4>\n<\/div>\n<div class=\"custom-linespace-header\">\n<div class=\"custom-linespace custom-margin-top-10\">Volz Consulting\u2028 GmbH<br \/>\nIndustriestrasse 112<br \/>\n75417 M\u00fchlacker<\/div>\n<\/div>\n<div class=\"custom-linespace-header\">\n<h4 class=\"custom-linespace\">Information according to $ 5 TMG:<\/h4>\n<\/div>\n<div class=\"custom-linespace-header\">\n<div class=\"custom-linespace custom-margin-top-10\">Volz Consulting\u2028 GmbH<br \/>\nGesch\u00e4ftsf\u00fchrer: Stefan Volz<br \/>\nIndustriestrasse 112<br \/>\n75417 M\u00fchlacker<br \/>\nTelefon: +49 (0)7041 4099570<br \/>\nE-Mail: <a href=\"mailto: info@volzconsulting.de\">info@volzconsulting.de<\/a><br \/>\nRegistergericht Mannheim<br \/>\n<span class=\"caps\">HRB<\/span> 722334<br \/>\nUmsatzsteuer-Identifikationsnummer gem\u00e4\u00df \u00a727 a Umsatzsteuergesetz: \u2028DE300791209<\/div>\n<\/div>\n<div class=\"custom-linespace-header\">\n<h4 class=\"custom-linespace\">Responsible for the content according to $ 55 Abs. 2 RStV:<\/h4>\n<\/div>\n<div class=\"custom-linespace-header\">\n<div class=\"custom-linespace custom-margin-top-10\">Volz Consulting\u2028 GmbH<br \/>\nGesch\u00e4ftsf\u00fchrer: Stefan Volz<br \/>\nIndustriestrasse 112<br \/>\n75417 M\u00fchlacker<br \/>\nTelefon: +49 (0)7041 4099570<br \/>\nE-Mail: <a href=\"mailto: info@volzconsulting.de\">info@volzconsulting.de<\/a><br \/>\nRegistergericht Mannheim<br \/>\n<span class=\"caps\">HRB<\/span> 722334<\/div>\n<\/div>\n<div class=\"custom-linespace-header\">\n<h4 class=\"custom-linespace\">References for the images and graphics used:<\/h4>\n<\/div>\n<div class=\"custom-linespace-header\">\n<div class=\"custom-linespace custom-margin-top-10\">Startseite, BPO-Fr\u00e4sgut_header.jpg \u00a9 Sch\u00f6n &amp; Gut GmbH, Sch\u00e4ferstr. 6, 40479 D\u00fcsseldorfAkademie, Akademie_Bauleitertraining_Btn.jpg \u00a9 Sch\u00f6n &amp; Gut GmbH, Sch\u00e4ferstr. 6, 40479 D\u00fcsseldorf<\/p>\n<p>BPO BAULEITERSCHULUNG, Akademie-Bauleitertraining_header_v2.jpg \u00a9 Sch\u00f6n &amp; Gut GmbH, Sch\u00e4ferstr. 6, 40479 D\u00fcsseldorf<\/p>\n<p>Beratung, Beratungsangebote_header.jpg \u00a9 Ingenieurb\u00fcro Bruno Timme<\/p>\n<p>Beratung, 33615883_PP-3.jpg \u00a9 Sch\u00f6n &amp; Gut GmbH, Sch\u00e4ferstr. 6, 40479 D\u00fcsseldorf<\/p>\n<p>Beratung, Beratung_Pilotprojekt_Btn.jpg \u00a9 Dynapac<\/p>\n<p>Beratung, Beratung-Bauprozesssystem_Btn.jpg \u00a9 Lehnen Gruppe<\/p>\n<p>Bauprozessanalyse, Beratung-Bauprozessanalyse_header.jpg \u00a9 Sch\u00f6n &amp; Gut GmbH, Sch\u00e4ferstr. 6, 40479 D\u00fcsseldorf<\/p>\n<p>Pilotprojekt, Beratung-Pilotprojekt_header.jpg \u00a9 Dynapac<\/p>\n<p>BAUPROZESSSYSTEM, Beratung-Bauprozesssystem_header.jpg \u00a9 Lehnen Gruppe<\/p>\n<p>Alle Seiten mit Kunden-Referenzslider \u00a9 bei der jeweiligen Firma, die im Text angegeben ist<\/p>\n<p>BPO Asphalt, Video \u00a9 Bauforum 24<\/p>\n<p>BPO Erdbau, WhatsApp-Image-2017-05-26-at-10.17.35.jpeg \u00a9 Luca Dreger<\/p>\n<p>BPO Fr\u00e4sgut, BPO-Fr\u00e4sgut_header.jpg \u00a9 Sch\u00f6n &amp; Gut GmbH, Sch\u00e4ferstr. 6, 40479 D\u00fcsseldorf<\/p>\n<p>Flottenmanagementsysteme, DJI_0131-copy-e1524650883567.jpg \u00a9 RASK<br \/>\nFlottenmanagementsysteme, diverse Logos \u00a9 das jeweilige Unternehmen<\/p>\n<p>Referenzen, diverse Logos \u00a9 das jeweilige Unternehmen<\/p>\n<p>BPO Heros, diverse Fotos \u00a9 das jeweilige Unternehmen bzw. der jeweilige Systemanwender<\/p>\n<\/div>\n<\/div>\n<p><\/p>","protected":false},"excerpt":{"rendered":"<p>Adress: Volz Consulting\u2028 GmbH Industriestrasse 112 75417 M\u00fchlacker Information according to $ 5 TMG: Volz Consulting\u2028 GmbH Gesch\u00e4ftsf\u00fchrer: Stefan Volz [&hellip;]<\/p>\n","protected":false},"author":6,"featured_media":0,"parent":0,"menu_order":7,"comment_status":"closed","ping_status":"closed","template":"","meta":{"_acf_changed":false,"footnotes":""},"class_list":["post-5132","page","type-page","status-publish","hentry"],"acf":[],"_links":{"self":[{"href":"https:\/\/volzconsulting.de\/en\/wp-json\/wp\/v2\/pages\/5132"}],"collection":[{"href":"https:\/\/volzconsulting.de\/en\/wp-json\/wp\/v2\/pages"}],"about":[{"href":"https:\/\/volzconsulting.de\/en\/wp-json\/wp\/v2\/types\/page"}],"author":[{"embeddable":true,"href":"https:\/\/volzconsulting.de\/en\/wp-json\/wp\/v2\/users\/6"}],"replies":[{"embeddable":true,"href":"https:\/\/volzconsulting.de\/en\/wp-json\/wp\/v2\/comments?post=5132"}],"version-history":[{"count":23,"href":"https:\/\/volzconsulting.de\/en\/wp-json\/wp\/v2\/pages\/5132\/revisions"}],"predecessor-version":[{"id":8572,"href":"https:\/\/volzconsulting.de\/en\/wp-json\/wp\/v2\/pages\/5132\/revisions\/8572"}],"wp:attachment":[{"href":"https:\/\/volzconsulting.de\/en\/wp-json\/wp\/v2\/media?parent=5132"}],"curies":[{"name":"wp","href":"https:\/\/api.w.org\/{rel}","templated":true}]}}