{"id":8494,"date":"2018-04-30T15:54:04","date_gmt":"2018-04-30T13:54:04","guid":{"rendered":"http:\/\/volzconsulting.de\/?page_id=8494"},"modified":"2018-04-30T15:55:59","modified_gmt":"2018-04-30T13:55:59","slug":"wilhelm_jost_neukunde","status":"publish","type":"page","link":"https:\/\/volzconsulting.de\/en\/newsletter\/wilhelm_jost_neukunde\/","title":{"rendered":"Wilhelm Jost GmbH &#038; Co. KG entscheidet sich f\u00fcr BPO"},"content":{"rendered":"<p class=\"qtranxs-available-languages-message qtranxs-available-languages-message-en\">Sorry, this entry is only available in <a href=\"https:\/\/volzconsulting.de\/de\/wp-json\/wp\/v2\/pages\/8494\" class=\"qtranxs-available-language-link qtranxs-available-language-link-de\" title=\"Deutsch\">Deutsch<\/a>. For the sake of viewer convenience, the content is shown below in the alternative language. You may click the link to switch the active language.<\/p><p><\/p>\n<h1>Wilhelm Jost GmbH &amp; Co. KG entscheidet sich f\u00fcr BPO<\/h1>\n<p>&nbsp;<\/p>\n<p>Der Bauprozess im Asphaltstra\u00dfenbau steht t\u00e4glich vor gro\u00dfen Herausforderungen. Mischgutproduktion, Materiallieferung und Einbau m\u00fcssen optimal aufeinander abgestimmt sein, um eine hohe Einbauqualit\u00e4t zu gew\u00e4hrleisten. Zudem erfordern Faktoren wie Ausf\u00e4lle, Staus oder das Wetter h\u00e4ufige Umplanungen. BPO unterst\u00fctzt seit 2014 Bauunternehmen dabei Einbaudaten und relevante Informationen digital abzubilden und somit einen reibungsloseren Prozessablauf zu gew\u00e4hrleisten. Zu diesen Bauunternehmen z\u00e4hlt auch die WILHELM JOST GmbH &amp; Co. KG, die sich nach einem Pilotprojekt vertraglich f\u00fcr BPO entschied.<\/p>\n<p>Die WILHELM JOST GmbH &amp; Co. KG baute auf der B 275 an zwei Tagen rund 1600 Tonnen und an einem Tag auf der L 3020 rund 700 Tonnen Asphalt ein. Beide Ma\u00dfnahmen wurde mit BPO begleitet. Ziel war es, alle Prozessbeteiligten miteinander zu vernetzen und die Akzeptanz der Kolonnen zu erfahren.<\/p>\n<p>&nbsp;<\/p>\n<div class=\"section-full-width section-light\" style=\"background-color:#f7f7f7;\" id=\"section-1\"><div class=\"section-boxed\" style=\"color:#777777;\"><\/p>\n<div class=\"cols-wrapper cols-2 one3-two3\">\n<div class=\"col\">\n<p>\u00a0<img loading=\"lazy\" decoding=\"async\" class=\"alignleft wp-image-8460 size-medium\" src=\"https:\/\/volzconsulting.de\/wp-content\/uploads\/2018\/04\/csm_Phillips_Kai-228x300.jpg\" alt=\"\" width=\"228\" height=\"300\" srcset=\"https:\/\/volzconsulting.de\/wp-content\/uploads\/2018\/04\/csm_Phillips_Kai-228x300.jpg 228w, https:\/\/volzconsulting.de\/wp-content\/uploads\/2018\/04\/csm_Phillips_Kai.jpg 456w\" sizes=\"(max-width: 228px) 100vw, 228px\" \/><\/p>\n<\/div>\n<div class=\"col nomargin\">\n<h2><em><strong>&#8220;BPO hilft uns bei der Auswertung unserer Baustellen. Alle Bauma\u00dfnahmen werden per Knopfdruck detailliert ausgewertet. Relevante Kennzahlen wie die Einbauleistung oder die Standzeiten stehen jederzeit digital zur Verf\u00fcgung.&#8221;<\/strong><\/em><\/h2>\n<p>&nbsp;<\/p>\n<p>&nbsp;<\/p>\n<p>Kai Philipps, Kalkulation, Wilhelm Jost GmbH &amp; Co. KG<\/p>\n<\/div>\n<\/div>\n<p>\n<\/div><\/div>\n<p><br class=\"clear\" \/>Beide Bauausf\u00fchrungen wurden mit BPO begleitet. Das Interesse an der Bedienung von BPO war ab dem ersten Einbautag hoch. Kennzahlen wie die eingebaute Tonnage oder die Einbauleistung waren f\u00fcr Bauleitung und Einbaukolonne jederzeit ersichtlich.<\/p>\n<p>Die \u00fcbersichtliche Darstellung der Informationen und intuitive Bedienung begeisterte die Kolonne. Noch im Laufe des Pilotprojektes fragte die Einbaumannschaft an, BPO bei weiteren Bauma\u00dfnahmen einzusetzen. Die schnelle Integration sowie der messbare Mehrwert den BPO bietet \u00fcberzeugte auch die Gesch\u00e4ftsf\u00fchrung. Die WILHELM JOST GmbH &amp; Co. KG entschied sich im Anschluss an das Pilotprojekt f\u00fcr die vertragliche Einf\u00fchrung von BPO<\/p>\n<p>&nbsp;<\/p>\n<div class=\"cols-wrapper cols-2\">\n<div class=\"col\">\n<p><img loading=\"lazy\" decoding=\"async\" class=\"alignleft size-large wp-image-8461\" src=\"https:\/\/volzconsulting.de\/wp-content\/uploads\/2018\/04\/20170801_125544-1024x768.jpg\" alt=\"\" width=\"1024\" height=\"768\" srcset=\"https:\/\/volzconsulting.de\/wp-content\/uploads\/2018\/04\/20170801_125544-1024x768.jpg 1024w, https:\/\/volzconsulting.de\/wp-content\/uploads\/2018\/04\/20170801_125544-300x225.jpg 300w, https:\/\/volzconsulting.de\/wp-content\/uploads\/2018\/04\/20170801_125544-768x576.jpg 768w, https:\/\/volzconsulting.de\/wp-content\/uploads\/2018\/04\/20170801_125544-1320x990.jpg 1320w, https:\/\/volzconsulting.de\/wp-content\/uploads\/2018\/04\/20170801_125544-600x450.jpg 600w\" sizes=\"(max-width: 1024px) 100vw, 1024px\" \/><\/p>\n<\/div>\n<div class=\"col nomargin\">\n<p><img loading=\"lazy\" decoding=\"async\" class=\"alignleft size-large wp-image-8487\" src=\"https:\/\/volzconsulting.de\/wp-content\/uploads\/2018\/04\/IMG_20170803_115749-2-1024x768.jpg\" alt=\"\" width=\"1024\" height=\"768\" srcset=\"https:\/\/volzconsulting.de\/wp-content\/uploads\/2018\/04\/IMG_20170803_115749-2-1024x768.jpg 1024w, https:\/\/volzconsulting.de\/wp-content\/uploads\/2018\/04\/IMG_20170803_115749-2-300x225.jpg 300w, https:\/\/volzconsulting.de\/wp-content\/uploads\/2018\/04\/IMG_20170803_115749-2-768x576.jpg 768w, https:\/\/volzconsulting.de\/wp-content\/uploads\/2018\/04\/IMG_20170803_115749-2-600x450.jpg 600w, https:\/\/volzconsulting.de\/wp-content\/uploads\/2018\/04\/IMG_20170803_115749-2.jpg 1280w\" sizes=\"(max-width: 1024px) 100vw, 1024px\" \/><\/p>\n<\/div>\n<\/div>\n<p>&nbsp;<\/p>\n<div class=\"section-full-width section-light\" style=\"background-color:#f7f7f7;\" id=\"section-2\"><div class=\"section-boxed\" style=\"color:#777777;\"><\/p>\n<div class=\"cols-wrapper cols-2 one3-two3\">\n<div class=\"col\">\n<p><img loading=\"lazy\" decoding=\"async\" class=\"alignleft wp-image-8466\" src=\"https:\/\/volzconsulting.de\/wp-content\/uploads\/2018\/04\/csm_Stoehr_Andreas_300_eb8ac53ebe.jpg\" alt=\"\" width=\"228\" height=\"300\" srcset=\"https:\/\/volzconsulting.de\/wp-content\/uploads\/2018\/04\/csm_Stoehr_Andreas_300_eb8ac53ebe.jpg 456w, https:\/\/volzconsulting.de\/wp-content\/uploads\/2018\/04\/csm_Stoehr_Andreas_300_eb8ac53ebe-228x300.jpg 228w\" sizes=\"(max-width: 228px) 100vw, 228px\" \/><\/p>\n<\/div>\n<div class=\"col nomargin\">\n<h2><em><strong>&#8220;Langfristig wird es keine Alternative zur Digitalisierung geben.<br \/>\n<\/strong><\/em><em><strong>Mit BPO gehen wir den n\u00e4chsten logischen Schritt und stellen uns zukunftssicher auf. Der Begriff Industrie 4.0 wird mit BPO greifbar.<\/strong><\/em><strong><em>\u201c<\/em><\/strong><\/h2>\n<p>&nbsp;<\/p>\n<p>&nbsp;<\/p>\n<p>Andreas St\u00f6hr, Oberbauleiter, WILHELM JOST GmbH &amp; Co. KG<\/p>\n<\/div>\n<\/div>\n<p>\n<\/div><\/div>\n<hr \/>\n<h1>19. Asphalttage in Berchtesgaden<\/h1>\n<p>Vom 28. Februar bis zum 2. M\u00e4rz fanden die 19. Asphalttage in Berchtesgaden statt. Das Messeteam der Volz Consulting GmbH stellte das Gesamtsystem BPO vor, das als erstes eine durchg\u00e4ngige IT-Infrastruktur, vom Steinbruch \u00fcber Mischanlagen bis hin zur Logistik und dem Einbau, darstellt. Auch f\u00fcr Fragen und Anregungen stand das Team zur Verf\u00fcgung.<\/p>\n<p>Der rege Austausch mit allen Kunden und Interessierten hat uns sehr gefreut.<br \/>\nWir bedanken uns bei den Standbesuchern, die sich \u00fcber bestehende Module und neue Funktionen von BPO informiert haben, und freuen uns auf die gemeinsame Bausaison 2018.<\/p>\n<p><img loading=\"lazy\" decoding=\"async\" class=\"size-large wp-image-8467 aligncenter\" src=\"https:\/\/volzconsulting.de\/wp-content\/uploads\/2018\/04\/DSC00238-1-1024x683.jpg\" alt=\"\" width=\"1024\" height=\"683\" srcset=\"https:\/\/volzconsulting.de\/wp-content\/uploads\/2018\/04\/DSC00238-1-1024x683.jpg 1024w, https:\/\/volzconsulting.de\/wp-content\/uploads\/2018\/04\/DSC00238-1-300x200.jpg 300w, https:\/\/volzconsulting.de\/wp-content\/uploads\/2018\/04\/DSC00238-1-768x512.jpg 768w, https:\/\/volzconsulting.de\/wp-content\/uploads\/2018\/04\/DSC00238-1-600x400.jpg 600w, https:\/\/volzconsulting.de\/wp-content\/uploads\/2018\/04\/DSC00238-1.jpg 1280w\" sizes=\"(max-width: 1024px) 100vw, 1024px\" \/><\/p>\n<p style=\"text-align: center;\">Das Messeteam der Volz Consulting GmbH<\/p>\n<div class=\"section-full-width section-light\" style=\"background-color:#f7f7f7;\" id=\"section-3\"><div class=\"section-boxed\" style=\"color:#777777;\"><div class=\"cols-wrapper cols-2\">\n<div class=\"col\">\n<h4><\/h4>\n<h4 style=\"text-align: center;\"><strong><br \/>\nOptimieren auch Sie Ihre Prozesse<br \/>\n<\/strong><strong>mit BPO!<\/strong><\/h4>\n<h4><\/h4>\n<h4 style=\"text-align: center;\"><strong>Vereinbaren Sie noch heute einen Termin<br \/>\n<\/strong><strong>f\u00fcr ein Pilotprojekt!<\/strong><\/h4>\n<p style=\"text-align: center;\">\n<\/div>\n<div class=\"col nomargin\">\n<p><img loading=\"lazy\" decoding=\"async\" class=\"aligncenter wp-image-8468\" src=\"https:\/\/volzconsulting.de\/wp-content\/uploads\/2018\/04\/Bildschirmfoto-2018-04-30-um-08.56.38-1024x682.png\" alt=\"\" width=\"350\" height=\"233\" srcset=\"https:\/\/volzconsulting.de\/wp-content\/uploads\/2018\/04\/Bildschirmfoto-2018-04-30-um-08.56.38-1024x682.png 1024w, https:\/\/volzconsulting.de\/wp-content\/uploads\/2018\/04\/Bildschirmfoto-2018-04-30-um-08.56.38-300x200.png 300w, https:\/\/volzconsulting.de\/wp-content\/uploads\/2018\/04\/Bildschirmfoto-2018-04-30-um-08.56.38-768x511.png 768w, https:\/\/volzconsulting.de\/wp-content\/uploads\/2018\/04\/Bildschirmfoto-2018-04-30-um-08.56.38-1320x879.png 1320w, https:\/\/volzconsulting.de\/wp-content\/uploads\/2018\/04\/Bildschirmfoto-2018-04-30-um-08.56.38-600x399.png 600w\" sizes=\"(max-width: 350px) 100vw, 350px\" \/><\/p>\n<\/div>\n<\/div>\n<div class=\"cols-wrapper cols-4\">\n<div class=\"col\">\n<p style=\"text-align: center;\"><a href=\"https:\/\/www.volzconsulting.de\/bpo\/bpo-asphalt\/\"> BPO Asphalt<\/a><\/p>\n<\/div>\n<div class=\"col\" style=\"text-align: center;\">\n<p><a href=\"https:\/\/www.volzconsulting.de\/bpo\/bpo-hochbau\/\"> BPO Hochbau<\/a><\/p>\n<\/div>\n<div class=\"col\" style=\"text-align: center;\">\n<p><a href=\"https:\/\/www.volzconsulting.de\/bpo\/bpo-erdbau\/\"> BPO Einsatzplanung<\/a><\/p>\n<\/div>\n<div class=\"col nomargin\">\n<p style=\"text-align: center;\"><a href=\"https:\/\/www.volzconsulting.de\/bpo\/bpo-erdbau\/\"> BPO Erdbau<\/a><\/p>\n<\/div>\n<\/div>\n<hr \/>\n<p style=\"text-align: center;\"><a href=\"https:\/\/www.volzconsulting.de\">www.volzconsulting.de<\/a><\/p>\n<p style=\"text-align: center;\"><strong>Volz Consulting GmbH<\/strong><br \/>\n<strong>Industriestra\u00dfe 112<\/strong><br \/>\n<strong>75417 M\u00fchlacker<\/strong><\/p>\n<p style=\"text-align: center;\">Copyright (C) Volz Consulting GmbH, All rights reserved<\/p>\n<p>\n<\/div><\/div><\/p>","protected":false},"excerpt":{"rendered":"<p>Sorry, this entry is only available in Deutsch. For the sake of viewer convenience, the content is shown below in [&hellip;]<\/p>\n","protected":false},"author":8,"featured_media":0,"parent":4936,"menu_order":1,"comment_status":"closed","ping_status":"closed","template":"template-full-custom.php","meta":{"_acf_changed":false,"footnotes":""},"class_list":["post-8494","page","type-page","status-publish","hentry"],"acf":[],"_links":{"self":[{"href":"https:\/\/volzconsulting.de\/en\/wp-json\/wp\/v2\/pages\/8494"}],"collection":[{"href":"https:\/\/volzconsulting.de\/en\/wp-json\/wp\/v2\/pages"}],"about":[{"href":"https:\/\/volzconsulting.de\/en\/wp-json\/wp\/v2\/types\/page"}],"author":[{"embeddable":true,"href":"https:\/\/volzconsulting.de\/en\/wp-json\/wp\/v2\/users\/8"}],"replies":[{"embeddable":true,"href":"https:\/\/volzconsulting.de\/en\/wp-json\/wp\/v2\/comments?post=8494"}],"version-history":[{"count":24,"href":"https:\/\/volzconsulting.de\/en\/wp-json\/wp\/v2\/pages\/8494\/revisions"}],"predecessor-version":[{"id":8519,"href":"https:\/\/volzconsulting.de\/en\/wp-json\/wp\/v2\/pages\/8494\/revisions\/8519"}],"up":[{"embeddable":true,"href":"https:\/\/volzconsulting.de\/en\/wp-json\/wp\/v2\/pages\/4936"}],"wp:attachment":[{"href":"https:\/\/volzconsulting.de\/en\/wp-json\/wp\/v2\/media?parent=8494"}],"curies":[{"name":"wp","href":"https:\/\/api.w.org\/{rel}","templated":true}]}}